{"id":4274,"date":"2023-06-12T14:13:13","date_gmt":"2023-06-12T14:13:13","guid":{"rendered":"https:\/\/www.yourwave.cz\/informativa-sulla-privacy\/"},"modified":"2023-06-12T14:16:35","modified_gmt":"2023-06-12T14:16:35","slug":"informativa-sulla-privacy","status":"publish","type":"page","link":"https:\/\/www.yourwave.cz\/it\/informativa-sulla-privacy\/","title":{"rendered":"Informativa sulla privacy"},"content":{"rendered":"\t\t<div data-elementor-type=\"wp-page\" data-elementor-id=\"4274\" class=\"elementor elementor-4274 elementor-4270\">\n\t\t\t\t\t\t\t\t\t<section class=\"elementor-section elementor-top-section elementor-element elementor-element-fc98d6a elementor-section-boxed elementor-section-height-default elementor-section-height-default\" data-id=\"fc98d6a\" data-element_type=\"section\">\n\t\t\t\t\t\t<div class=\"elementor-container elementor-column-gap-default\">\n\t\t\t\t\t<div class=\"elementor-column elementor-col-100 elementor-top-column elementor-element elementor-element-4b0ddfb\" data-id=\"4b0ddfb\" data-element_type=\"column\">\n\t\t\t<div class=\"elementor-widget-wrap elementor-element-populated\">\n\t\t\t\t\t\t\t\t<div class=\"elementor-element elementor-element-0fef367 elementor-widget elementor-widget-heading\" data-id=\"0fef367\" data-element_type=\"widget\" data-widget_type=\"heading.default\">\n\t\t\t\t<div class=\"elementor-widget-container\">\n\t\t\t<style>\/*! elementor - v3.18.0 - 06-12-2023 *\/\n.elementor-heading-title{padding:0;margin:0;line-height:1}.elementor-widget-heading .elementor-heading-title[class*=elementor-size-]>a{color:inherit;font-size:inherit;line-height:inherit}.elementor-widget-heading .elementor-heading-title.elementor-size-small{font-size:15px}.elementor-widget-heading .elementor-heading-title.elementor-size-medium{font-size:19px}.elementor-widget-heading .elementor-heading-title.elementor-size-large{font-size:29px}.elementor-widget-heading .elementor-heading-title.elementor-size-xl{font-size:39px}.elementor-widget-heading .elementor-heading-title.elementor-size-xxl{font-size:59px}<\/style><h2 class=\"elementor-heading-title elementor-size-default\">Protezione dei dati personali<\/h2>\t\t<\/div>\n\t\t\t\t<\/div>\n\t\t\t\t\t<\/div>\n\t\t<\/div>\n\t\t\t\t\t\t\t<\/div>\n\t\t<\/section>\n\t\t\t\t<section class=\"elementor-section elementor-top-section elementor-element elementor-element-0231af6 elementor-section-boxed elementor-section-height-default elementor-section-height-default\" data-id=\"0231af6\" data-element_type=\"section\">\n\t\t\t\t\t\t<div class=\"elementor-container elementor-column-gap-default\">\n\t\t\t\t\t<div class=\"elementor-column elementor-col-100 elementor-top-column elementor-element elementor-element-7cb678f\" data-id=\"7cb678f\" data-element_type=\"column\">\n\t\t\t<div class=\"elementor-widget-wrap elementor-element-populated\">\n\t\t\t\t\t\t\t\t<div class=\"elementor-element elementor-element-78754fc elementor-widget elementor-widget-spacer\" data-id=\"78754fc\" data-element_type=\"widget\" data-widget_type=\"spacer.default\">\n\t\t\t\t<div class=\"elementor-widget-container\">\n\t\t\t<style>\/*! elementor - v3.18.0 - 06-12-2023 *\/\n.elementor-column .elementor-spacer-inner{height:var(--spacer-size)}.e-con{--container-widget-width:100%}.e-con-inner>.elementor-widget-spacer,.e-con>.elementor-widget-spacer{width:var(--container-widget-width,var(--spacer-size));--align-self:var(--container-widget-align-self,initial);--flex-shrink:0}.e-con-inner>.elementor-widget-spacer>.elementor-widget-container,.e-con>.elementor-widget-spacer>.elementor-widget-container{height:100%;width:100%}.e-con-inner>.elementor-widget-spacer>.elementor-widget-container>.elementor-spacer,.e-con>.elementor-widget-spacer>.elementor-widget-container>.elementor-spacer{height:100%}.e-con-inner>.elementor-widget-spacer>.elementor-widget-container>.elementor-spacer>.elementor-spacer-inner,.e-con>.elementor-widget-spacer>.elementor-widget-container>.elementor-spacer>.elementor-spacer-inner{height:var(--container-widget-height,var(--spacer-size))}.e-con-inner>.elementor-widget-spacer.elementor-widget-empty,.e-con>.elementor-widget-spacer.elementor-widget-empty{position:relative;min-height:22px;min-width:22px}.e-con-inner>.elementor-widget-spacer.elementor-widget-empty .elementor-widget-empty-icon,.e-con>.elementor-widget-spacer.elementor-widget-empty .elementor-widget-empty-icon{position:absolute;top:0;bottom:0;left:0;right:0;margin:auto;padding:0;width:22px;height:22px}<\/style>\t\t<div class=\"elementor-spacer\">\n\t\t\t<div class=\"elementor-spacer-inner\"><\/div>\n\t\t<\/div>\n\t\t\t\t<\/div>\n\t\t\t\t<\/div>\n\t\t\t\t\t<\/div>\n\t\t<\/div>\n\t\t\t\t\t\t\t<\/div>\n\t\t<\/section>\n\t\t\t\t<section class=\"elementor-section elementor-top-section elementor-element elementor-element-b726d8d elementor-section-boxed elementor-section-height-default elementor-section-height-default\" data-id=\"b726d8d\" data-element_type=\"section\">\n\t\t\t\t\t\t<div class=\"elementor-container elementor-column-gap-default\">\n\t\t\t\t\t<div class=\"elementor-column elementor-col-100 elementor-top-column elementor-element elementor-element-b397f11\" data-id=\"b397f11\" data-element_type=\"column\">\n\t\t\t<div class=\"elementor-widget-wrap elementor-element-populated\">\n\t\t\t\t\t\t\t\t<div class=\"elementor-element elementor-element-ba5d08e elementor-widget elementor-widget-text-editor\" data-id=\"ba5d08e\" data-element_type=\"widget\" data-widget_type=\"text-editor.default\">\n\t\t\t\t<div class=\"elementor-widget-container\">\n\t\t\t<style>\/*! elementor - v3.18.0 - 06-12-2023 *\/\n.elementor-widget-text-editor.elementor-drop-cap-view-stacked .elementor-drop-cap{background-color:#69727d;color:#fff}.elementor-widget-text-editor.elementor-drop-cap-view-framed .elementor-drop-cap{color:#69727d;border:3px solid;background-color:transparent}.elementor-widget-text-editor:not(.elementor-drop-cap-view-default) .elementor-drop-cap{margin-top:8px}.elementor-widget-text-editor:not(.elementor-drop-cap-view-default) .elementor-drop-cap-letter{width:1em;height:1em}.elementor-widget-text-editor .elementor-drop-cap{float:left;text-align:center;line-height:1;font-size:50px}.elementor-widget-text-editor .elementor-drop-cap-letter{display:inline-block}<\/style>\t\t\t\t<p>L&#8217;amministrazione del sito web www.yourwave.cz si impegna a rispettare i principi di protezione dei vostri dati personali su Internet. Diamo grande importanza alla protezione dei dati forniti. La nostra politica sulla privacy si basa sulle <a href=\"https:\/\/ec.europa.eu\/info\/law\/law-topic\/data-protection\/data-protection-eu_cs\">disposizioni del Regolamento generale sulla protezione dei dati dell&#8217;Unione europea (GDPR). <\/a>Le finalit\u00e0 per cui raccogliamo i dati personali sono le seguenti: migliorare i nostri servizi, comunicare con i visitatori di questo sito web, fornire le informazioni richieste dall&#8217;utente e per i seguenti scopi.<\/p>\n<p><strong>Raccolta e utilizzo dei dati personali<\/strong><\/p>\n<p>Raccogliamo e utilizziamo i dati personali solo con il vostro consenso volontario. Se accettate, ci autorizzate a raccogliere e utilizzare le seguenti informazioni: nome, e-mail, . La raccolta e l&#8217;elaborazione dei vostri dati avvengono in conformit\u00e0 alle norme giuridiche vigenti nell&#8217;Unione Europea e nella Repubblica Ceca.<\/p>\n<p><strong>Memorizzazione, modifica e cancellazione dei dati<\/strong><\/p>\n<p>L&#8217;utente che ha fornito i propri dati personali al sito web www.yourwave.cz ha il diritto di continuare a modificarli e cancellarli, nonch\u00e9 di revocare il proprio consenso al loro utilizzo. Periodo di conservazione dei dati personali: 60 mesi. Se non utilizzate pi\u00f9 i vostri dati, l&#8217;amministrazione del sito li rimuover\u00e0. Per accedere ai propri dati personali, \u00e8 possibile contattare l&#8217;amministrazione del sito all&#8217;indirizzo: info@yourwave.cz. Possiamo divulgare i vostri dati personali a terzi solo con il vostro consenso volontario, ma se sono gi\u00e0 stati trasferiti, non possiamo modificarli se sono gi\u00e0 presenti presso altre organizzazioni non collegate a noi.<\/p>\n<p><strong>Utilizzo dei dati tecnici durante la visita del sito web<\/strong><\/p>\n<p>Quando visitate il sito www.yourwave.cz, il database memorizza i dati relativi al vostro indirizzo IP, all&#8217;ora della visita, alle impostazioni del browser, al sistema operativo e ad altre informazioni tecniche necessarie per visualizzare correttamente il contenuto del sito. Tuttavia, da questi dati non possiamo identificare l&#8217;identit\u00e0 del visitatore.<\/p>\n<p><strong>Fornitura di informazioni da parte dei bambini<\/strong><\/p>\n<p>Se siete genitori o tutori e avete scoperto che i vostri figli ci hanno fornito i loro dati personali senza il vostro consenso, contattateci: info@yourwave.cz. Il nostro servizio vieta la memorizzazione di informazioni personali di minori senza il consenso dei loro genitori o tutori.<\/p>\n<p><strong>Utilizzo dei cookie<\/strong><\/p>\n<p>Utilizziamo i cookie per visualizzare correttamente i contenuti e per facilitare l&#8217;utilizzo di www.yourwave.cz. Si tratta di piccoli file memorizzati sul dispositivo. Questi file aiutano il sito a ricordare informazioni sull&#8217;utente, come ad esempio la lingua di visualizzazione del sito e le pagine gi\u00e0 visitate, informazioni che saranno utili per la visita successiva. I cookie rendono la navigazione sul sito molto pi\u00f9 comoda per l&#8217;utente. Per saperne di pi\u00f9 su questi file, <a href=\"https:\/\/cs.wikipedia.org\/wiki\/HTTP_cookie\">consultare il sito<\/a>. \u00c8 possibile impostare separatamente il browser per accettare o bloccare i cookie. Tuttavia, l&#8217;impossibilit\u00e0 di accettare i cookie pu\u00f2 limitare le prestazioni del sito.<\/p>\n<p><strong>Utilizzo dei dati personali da parte di altri servizi<\/strong><\/p>\n<p>Questo sito utilizza servizi web di terze parti che raccolgono informazioni indipendentemente da noi: Google Analytics, Facebook.com, .<\/p>\n<p>I dati raccolti possono essere condivisi con altri servizi all&#8217;interno di queste organizzazioni e possono essere utilizzati per personalizzare gli annunci sulla loro rete pubblicitaria. \u00c8 possibile leggere gli accordi con gli utenti di queste organizzazioni sui loro siti web. Potete anche scegliere di non raccogliere i vostri dati personali, ad esempio potete trovare <a href=\"https:\/\/tools.google.com\/dlpage\/gaoptout?hl=en\">un blocco di Google Analytics<\/a>qui <a href=\"https:\/\/tools.google.com\/dlpage\/gaoptout?hl=en\">.<\/a>Non trasferiamo i dati personali ad altre organizzazioni e servizi che non sono elencati in questa informativa sulla privacy. L&#8217;unica eccezione \u00e8 rappresentata dalla trasmissione di informazioni in ottemperanza ai requisiti legali delle autorit\u00e0 statali autorizzate a compiere tali atti.<\/p>\n<p><strong>Link ad altri siti<\/strong><\/p>\n<p>Il nostro sito web www.yourwave.cz pu\u00f2 contenere link ad altri siti web che non sono gestiti da noi. Non siamo responsabili del loro contenuto. Vi invitiamo a leggere le informative sulla privacy dei siti che visitate, se sono elencate.<\/p>\n<p><strong>Modifiche all&#8217;Informativa sulla privacy<\/strong><\/p>\n<p>Il nostro sito www.yourwave.cz pu\u00f2 aggiornare di tanto in tanto la propria politica sulla privacy. Annunciamo eventuali modifiche pubblicando la nuova informativa sulla privacy su questa pagina. Monitoriamo le modifiche alla legislazione sulla protezione dei dati personali nell&#8217;Unione Europea e nella Repubblica Ceca. Se ci avete affidato i vostri dati personali, vi informeremo di eventuali modifiche alla nostra politica sulla privacy. Se i vostri dati di contatto sono stati inseriti in modo errato, non possiamo contattarvi.<\/p>\n<p><strong>Feedback, disposizioni finali<\/strong><\/p>\n<p>Per qualsiasi domanda relativa all&#8217;informativa sulla privacy, si prega di contattare il webmaster www.yourwave.cz, tramite: info@yourwave.cz, o di utilizzare il modulo di contatto fornito nella sezione pertinente di questo sito. Se l&#8217;utente non accetta la presente Informativa sulla privacy, non pu\u00f2 pi\u00f9 utilizzare i servizi di www.yourwave.cz. In questo caso, dovrete rinunciare alla possibilit\u00e0 di visitare il nostro sito.<\/p>\n\t\t\t\t\t\t<\/div>\n\t\t\t\t<\/div>\n\t\t\t\t\t<\/div>\n\t\t<\/div>\n\t\t\t\t\t\t\t<\/div>\n\t\t<\/section>\n\t\t\t\t\t\t\t<\/div>\n\t\t","protected":false},"excerpt":{"rendered":"<p>Protezione dei dati personali L&#8217;amministrazione del sito web www.yourwave.cz si impegna a rispettare i principi di protezione dei vostri dati personali su Internet. Diamo grande importanza alla protezione dei dati forniti. La nostra politica sulla privacy si basa sulle disposizioni del Regolamento generale sulla protezione dei dati dell&#8217;Unione europea (GDPR). Le finalit\u00e0 per cui raccogliamo [&hellip;]<\/p>\n","protected":false},"author":1,"featured_media":0,"parent":0,"menu_order":0,"comment_status":"closed","ping_status":"closed","template":"","meta":{"footnotes":""},"class_list":["post-4274","page","type-page","status-publish","hentry"],"_links":{"self":[{"href":"https:\/\/www.yourwave.cz\/it\/wp-json\/wp\/v2\/pages\/4274","targetHints":{"allow":["GET"]}}],"collection":[{"href":"https:\/\/www.yourwave.cz\/it\/wp-json\/wp\/v2\/pages"}],"about":[{"href":"https:\/\/www.yourwave.cz\/it\/wp-json\/wp\/v2\/types\/page"}],"author":[{"embeddable":true,"href":"https:\/\/www.yourwave.cz\/it\/wp-json\/wp\/v2\/users\/1"}],"replies":[{"embeddable":true,"href":"https:\/\/www.yourwave.cz\/it\/wp-json\/wp\/v2\/comments?post=4274"}],"version-history":[{"count":2,"href":"https:\/\/www.yourwave.cz\/it\/wp-json\/wp\/v2\/pages\/4274\/revisions"}],"predecessor-version":[{"id":4282,"href":"https:\/\/www.yourwave.cz\/it\/wp-json\/wp\/v2\/pages\/4274\/revisions\/4282"}],"wp:attachment":[{"href":"https:\/\/www.yourwave.cz\/it\/wp-json\/wp\/v2\/media?parent=4274"}],"curies":[{"name":"wp","href":"https:\/\/api.w.org\/{rel}","templated":true}]}}